{"id":22919,"date":"2021-03-08T12:04:19","date_gmt":"2021-03-08T10:04:19","guid":{"rendered":"https:\/\/asemanlapset.fi\/tietosuoja\/"},"modified":"2026-02-03T16:21:26","modified_gmt":"2026-02-03T14:21:26","slug":"dataskydd","status":"publish","type":"page","link":"https:\/\/asemanlapset.fi\/sv\/dataskydd\/","title":{"rendered":"Dataskydd"},"content":{"rendered":"","protected":false},"excerpt":{"rendered":"","protected":false},"author":4,"featured_media":22452,"parent":0,"menu_order":0,"comment_status":"closed","ping_status":"closed","template":"","meta":{"_acf_changed":false,"protect_children":false,"footnotes":""},"class_list":["post-22919","page","type-page","status-publish","has-post-thumbnail","hentry"],"acf":[],"yoast_head":"\nDataskydd - Aseman Lapset ry<\/title>\n<meta name=\"description\" content=\"Stationens Barn rf har f\u00f6rbundit sig att skydda privatlivet f\u00f6r personer som deltar i verksamheten och f\u00f6ljer g\u00e4llande dataskyddslagstiftning samt god praxis f\u00f6r informationss\u00e4kerhet i sin verksamhet.\" \/>\n<meta name=\"robots\" content=\"index, follow, max-snippet:-1, max-image-preview:large, max-video-preview:-1\" \/>\n<link rel=\"canonical\" href=\"https:\/\/asemanlapset.fi\/sv\/dataskydd\/\" \/>\n<meta property=\"og:locale\" content=\"sv_SE\" \/>\n<meta property=\"og:type\" content=\"article\" \/>\n<meta property=\"og:title\" content=\"Dataskydd - Aseman Lapset ry\" \/>\n<meta property=\"og:description\" content=\"Stationens Barn rf har f\u00f6rbundit sig att skydda privatlivet f\u00f6r personer som deltar i verksamheten och f\u00f6ljer g\u00e4llande dataskyddslagstiftning samt god praxis f\u00f6r informationss\u00e4kerhet i sin verksamhet.\" \/>\n<meta property=\"og:url\" content=\"https:\/\/asemanlapset.fi\/sv\/dataskydd\/\" \/>\n<meta property=\"og:site_name\" content=\"Aseman Lapset ry\" \/>\n<meta property=\"article:publisher\" content=\"https:\/\/www.facebook.com\/asemanlapset\/\" \/>\n<meta property=\"article:modified_time\" content=\"2026-02-03T14:21:26+00:00\" \/>\n<meta property=\"og:image\" content=\"https:\/\/asemanlapset.fi\/wp-content\/uploads\/2025\/11\/Kannykalla_AsemanLapset-683x1024.jpg\" \/>\n\t<meta property=\"og:image:width\" content=\"683\" \/>\n\t<meta property=\"og:image:height\" content=\"1024\" \/>\n\t<meta property=\"og:image:type\" content=\"image\/jpeg\" \/>\n<meta name=\"twitter:card\" content=\"summary_large_image\" \/>\n<meta name=\"twitter:site\" content=\"@AsemanLapsetRy\" \/>\n<script type=\"application\/ld+json\" class=\"yoast-schema-graph\">{\"@context\":\"https:\/\/schema.org\",\"@graph\":[{\"@type\":\"WebPage\",\"@id\":\"https:\/\/asemanlapset.fi\/sv\/dataskydd\/\",\"url\":\"https:\/\/asemanlapset.fi\/sv\/dataskydd\/\",\"name\":\"Dataskydd - Aseman Lapset ry\",\"isPartOf\":{\"@id\":\"https:\/\/asemanlapset.fi\/#website\"},\"primaryImageOfPage\":{\"@id\":\"https:\/\/asemanlapset.fi\/sv\/dataskydd\/#primaryimage\"},\"image\":{\"@id\":\"https:\/\/asemanlapset.fi\/sv\/dataskydd\/#primaryimage\"},\"thumbnailUrl\":\"https:\/\/asemanlapset.fi\/wp-content\/uploads\/2025\/11\/Kannykalla_AsemanLapset.jpg\",\"datePublished\":\"2021-03-08T10:04:19+00:00\",\"dateModified\":\"2026-02-03T14:21:26+00:00\",\"description\":\"Stationens Barn rf har f\u00f6rbundit sig att skydda privatlivet f\u00f6r personer som deltar i verksamheten och f\u00f6ljer g\u00e4llande dataskyddslagstiftning samt god praxis f\u00f6r informationss\u00e4kerhet i sin verksamhet.\",\"breadcrumb\":{\"@id\":\"https:\/\/asemanlapset.fi\/sv\/dataskydd\/#breadcrumb\"},\"inLanguage\":\"sv-SE\",\"potentialAction\":[{\"@type\":\"ReadAction\",\"target\":[\"https:\/\/asemanlapset.fi\/sv\/dataskydd\/\"]}]},{\"@type\":\"ImageObject\",\"inLanguage\":\"sv-SE\",\"@id\":\"https:\/\/asemanlapset.fi\/sv\/dataskydd\/#primaryimage\",\"url\":\"https:\/\/asemanlapset.fi\/wp-content\/uploads\/2025\/11\/Kannykalla_AsemanLapset.jpg\",\"contentUrl\":\"https:\/\/asemanlapset.fi\/wp-content\/uploads\/2025\/11\/Kannykalla_AsemanLapset.jpg\",\"width\":3648,\"height\":5472},{\"@type\":\"BreadcrumbList\",\"@id\":\"https:\/\/asemanlapset.fi\/sv\/dataskydd\/#breadcrumb\",\"itemListElement\":[{\"@type\":\"ListItem\",\"position\":1,\"name\":\"Etusivu\",\"item\":\"https:\/\/asemanlapset.fi\/sv\/\"},{\"@type\":\"ListItem\",\"position\":2,\"name\":\"Dataskydd\"}]},{\"@type\":\"WebSite\",\"@id\":\"https:\/\/asemanlapset.fi\/#website\",\"url\":\"https:\/\/asemanlapset.fi\/\",\"name\":\"Aseman Lapset ry\",\"description\":\"\",\"publisher\":{\"@id\":\"https:\/\/asemanlapset.fi\/#organization\"},\"potentialAction\":[{\"@type\":\"SearchAction\",\"target\":{\"@type\":\"EntryPoint\",\"urlTemplate\":\"https:\/\/asemanlapset.fi\/?s={search_term_string}\"},\"query-input\":{\"@type\":\"PropertyValueSpecification\",\"valueRequired\":true,\"valueName\":\"search_term_string\"}}],\"inLanguage\":\"sv-SE\"},{\"@type\":\"Organization\",\"@id\":\"https:\/\/asemanlapset.fi\/#organization\",\"name\":\"Aseman Lapset ry\",\"url\":\"https:\/\/asemanlapset.fi\/\",\"logo\":{\"@type\":\"ImageObject\",\"inLanguage\":\"sv-SE\",\"@id\":\"https:\/\/asemanlapset.fi\/#\/schema\/logo\/image\/\",\"url\":\"https:\/\/asemanlapset.fi\/wp-content\/uploads\/2022\/11\/Aseman-lapset-musta.svg\",\"contentUrl\":\"https:\/\/asemanlapset.fi\/wp-content\/uploads\/2022\/11\/Aseman-lapset-musta.svg\",\"width\":1,\"height\":1,\"caption\":\"Aseman Lapset ry\"},\"image\":{\"@id\":\"https:\/\/asemanlapset.fi\/#\/schema\/logo\/image\/\"},\"sameAs\":[\"https:\/\/www.facebook.com\/asemanlapset\/\",\"https:\/\/x.com\/AsemanLapsetRy\"]}]}<\/script>\n<!-- \/ Yoast SEO plugin. -->","yoast_head_json":{"title":"Dataskydd - Aseman Lapset ry","description":"Stationens Barn rf har f\u00f6rbundit sig att skydda privatlivet f\u00f6r personer som deltar i verksamheten och f\u00f6ljer g\u00e4llande dataskyddslagstiftning samt god praxis f\u00f6r informationss\u00e4kerhet i sin verksamhet.","robots":{"index":"index","follow":"follow","max-snippet":"max-snippet:-1","max-image-preview":"max-image-preview:large","max-video-preview":"max-video-preview:-1"},"canonical":"https:\/\/asemanlapset.fi\/sv\/dataskydd\/","og_locale":"sv_SE","og_type":"article","og_title":"Dataskydd - Aseman Lapset ry","og_description":"Stationens Barn rf har f\u00f6rbundit sig att skydda privatlivet f\u00f6r personer som deltar i verksamheten och f\u00f6ljer g\u00e4llande dataskyddslagstiftning samt god praxis f\u00f6r informationss\u00e4kerhet i sin verksamhet.","og_url":"https:\/\/asemanlapset.fi\/sv\/dataskydd\/","og_site_name":"Aseman Lapset ry","article_publisher":"https:\/\/www.facebook.com\/asemanlapset\/","article_modified_time":"2026-02-03T14:21:26+00:00","og_image":[{"width":683,"height":1024,"url":"https:\/\/asemanlapset.fi\/wp-content\/uploads\/2025\/11\/Kannykalla_AsemanLapset-683x1024.jpg","type":"image\/jpeg"}],"twitter_card":"summary_large_image","twitter_site":"@AsemanLapsetRy","schema":{"@context":"https:\/\/schema.org","@graph":[{"@type":"WebPage","@id":"https:\/\/asemanlapset.fi\/sv\/dataskydd\/","url":"https:\/\/asemanlapset.fi\/sv\/dataskydd\/","name":"Dataskydd - Aseman Lapset ry","isPartOf":{"@id":"https:\/\/asemanlapset.fi\/#website"},"primaryImageOfPage":{"@id":"https:\/\/asemanlapset.fi\/sv\/dataskydd\/#primaryimage"},"image":{"@id":"https:\/\/asemanlapset.fi\/sv\/dataskydd\/#primaryimage"},"thumbnailUrl":"https:\/\/asemanlapset.fi\/wp-content\/uploads\/2025\/11\/Kannykalla_AsemanLapset.jpg","datePublished":"2021-03-08T10:04:19+00:00","dateModified":"2026-02-03T14:21:26+00:00","description":"Stationens Barn rf har f\u00f6rbundit sig att skydda privatlivet f\u00f6r personer som deltar i verksamheten och f\u00f6ljer g\u00e4llande dataskyddslagstiftning samt god praxis f\u00f6r informationss\u00e4kerhet i sin verksamhet.","breadcrumb":{"@id":"https:\/\/asemanlapset.fi\/sv\/dataskydd\/#breadcrumb"},"inLanguage":"sv-SE","potentialAction":[{"@type":"ReadAction","target":["https:\/\/asemanlapset.fi\/sv\/dataskydd\/"]}]},{"@type":"ImageObject","inLanguage":"sv-SE","@id":"https:\/\/asemanlapset.fi\/sv\/dataskydd\/#primaryimage","url":"https:\/\/asemanlapset.fi\/wp-content\/uploads\/2025\/11\/Kannykalla_AsemanLapset.jpg","contentUrl":"https:\/\/asemanlapset.fi\/wp-content\/uploads\/2025\/11\/Kannykalla_AsemanLapset.jpg","width":3648,"height":5472},{"@type":"BreadcrumbList","@id":"https:\/\/asemanlapset.fi\/sv\/dataskydd\/#breadcrumb","itemListElement":[{"@type":"ListItem","position":1,"name":"Etusivu","item":"https:\/\/asemanlapset.fi\/sv\/"},{"@type":"ListItem","position":2,"name":"Dataskydd"}]},{"@type":"WebSite","@id":"https:\/\/asemanlapset.fi\/#website","url":"https:\/\/asemanlapset.fi\/","name":"Aseman Lapset ry","description":"","publisher":{"@id":"https:\/\/asemanlapset.fi\/#organization"},"potentialAction":[{"@type":"SearchAction","target":{"@type":"EntryPoint","urlTemplate":"https:\/\/asemanlapset.fi\/?s={search_term_string}"},"query-input":{"@type":"PropertyValueSpecification","valueRequired":true,"valueName":"search_term_string"}}],"inLanguage":"sv-SE"},{"@type":"Organization","@id":"https:\/\/asemanlapset.fi\/#organization","name":"Aseman Lapset ry","url":"https:\/\/asemanlapset.fi\/","logo":{"@type":"ImageObject","inLanguage":"sv-SE","@id":"https:\/\/asemanlapset.fi\/#\/schema\/logo\/image\/","url":"https:\/\/asemanlapset.fi\/wp-content\/uploads\/2022\/11\/Aseman-lapset-musta.svg","contentUrl":"https:\/\/asemanlapset.fi\/wp-content\/uploads\/2022\/11\/Aseman-lapset-musta.svg","width":1,"height":1,"caption":"Aseman Lapset ry"},"image":{"@id":"https:\/\/asemanlapset.fi\/#\/schema\/logo\/image\/"},"sameAs":["https:\/\/www.facebook.com\/asemanlapset\/","https:\/\/x.com\/AsemanLapsetRy"]}]}},"_links":{"self":[{"href":"https:\/\/asemanlapset.fi\/sv\/wp-json\/wp\/v2\/pages\/22919","targetHints":{"allow":["GET"]}}],"collection":[{"href":"https:\/\/asemanlapset.fi\/sv\/wp-json\/wp\/v2\/pages"}],"about":[{"href":"https:\/\/asemanlapset.fi\/sv\/wp-json\/wp\/v2\/types\/page"}],"author":[{"embeddable":true,"href":"https:\/\/asemanlapset.fi\/sv\/wp-json\/wp\/v2\/users\/4"}],"replies":[{"embeddable":true,"href":"https:\/\/asemanlapset.fi\/sv\/wp-json\/wp\/v2\/comments?post=22919"}],"version-history":[{"count":4,"href":"https:\/\/asemanlapset.fi\/sv\/wp-json\/wp\/v2\/pages\/22919\/revisions"}],"predecessor-version":[{"id":22934,"href":"https:\/\/asemanlapset.fi\/sv\/wp-json\/wp\/v2\/pages\/22919\/revisions\/22934"}],"wp:featuredmedia":[{"embeddable":true,"href":"https:\/\/asemanlapset.fi\/sv\/wp-json\/wp\/v2\/media\/22452"}],"wp:attachment":[{"href":"https:\/\/asemanlapset.fi\/sv\/wp-json\/wp\/v2\/media?parent=22919"}],"curies":[{"name":"wp","href":"https:\/\/api.w.org\/{rel}","templated":true}]}}