{"id":22912,"date":"2025-11-22T00:19:30","date_gmt":"2025-11-21T22:19:30","guid":{"rendered":"https:\/\/asemanlapset.fi\/asiakas-ja-yhteistyotahorekisterin-tietosuojaseloste\/"},"modified":"2026-02-03T16:05:19","modified_gmt":"2026-02-03T14:05:19","slug":"dataskyddsbeskrivning-kund-samarbetsregister","status":"publish","type":"page","link":"https:\/\/asemanlapset.fi\/sv\/dataskydd\/dataskyddsbeskrivning-kund-samarbetsregister\/","title":{"rendered":"Dataskyddsbeskrivning f\u00f6r kund- och samarbetsregister"},"content":{"rendered":"","protected":false},"excerpt":{"rendered":"","protected":false},"author":14,"featured_media":22228,"parent":22919,"menu_order":0,"comment_status":"closed","ping_status":"closed","template":"","meta":{"_acf_changed":false,"protect_children":false,"footnotes":""},"class_list":["post-22912","page","type-page","status-publish","has-post-thumbnail","hentry"],"acf":[],"yoast_head":"\nDataskyddsbeskrivning f\u00f6r kund- och samarbetsregister - Aseman Lapset ry<\/title>\n<meta name=\"description\" content=\"I dataskyddsbeskrivningen f\u00f6r kund- och samarbetsregister beskrivs integritetsskyddet och dataskyddet f\u00f6r de unga vi m\u00f6ter i v\u00e5rt arbete samt f\u00f6r v\u00e5ra samarbetspartner.\" \/>\n<meta name=\"robots\" content=\"index, follow, max-snippet:-1, max-image-preview:large, max-video-preview:-1\" \/>\n<link rel=\"canonical\" href=\"https:\/\/asemanlapset.fi\/sv\/dataskydd\/dataskyddsbeskrivning-kund-samarbetsregister\/\" \/>\n<meta property=\"og:locale\" content=\"sv_SE\" \/>\n<meta property=\"og:type\" content=\"article\" \/>\n<meta property=\"og:title\" content=\"Dataskyddsbeskrivning f\u00f6r kund- och samarbetsregister - Aseman Lapset ry\" \/>\n<meta property=\"og:description\" content=\"I dataskyddsbeskrivningen f\u00f6r kund- och samarbetsregister beskrivs integritetsskyddet och dataskyddet f\u00f6r de unga vi m\u00f6ter i v\u00e5rt arbete samt f\u00f6r v\u00e5ra samarbetspartner.\" \/>\n<meta property=\"og:url\" content=\"https:\/\/asemanlapset.fi\/sv\/dataskydd\/dataskyddsbeskrivning-kund-samarbetsregister\/\" \/>\n<meta property=\"og:site_name\" content=\"Aseman Lapset ry\" \/>\n<meta property=\"article:publisher\" content=\"https:\/\/www.facebook.com\/asemanlapset\/\" \/>\n<meta property=\"article:modified_time\" content=\"2026-02-03T14:05:19+00:00\" \/>\n<meta property=\"og:image\" content=\"https:\/\/asemanlapset.fi\/wp-content\/uploads\/2025\/10\/A_IMG-76-1024x683.jpg\" \/>\n\t<meta property=\"og:image:width\" content=\"1024\" \/>\n\t<meta property=\"og:image:height\" content=\"683\" \/>\n\t<meta property=\"og:image:type\" content=\"image\/jpeg\" \/>\n<meta name=\"twitter:card\" content=\"summary_large_image\" \/>\n<meta name=\"twitter:site\" content=\"@AsemanLapsetRy\" \/>\n<script type=\"application\/ld+json\" class=\"yoast-schema-graph\">{\"@context\":\"https:\/\/schema.org\",\"@graph\":[{\"@type\":\"WebPage\",\"@id\":\"https:\/\/asemanlapset.fi\/sv\/dataskydd\/dataskyddsbeskrivning-kund-samarbetsregister\/\",\"url\":\"https:\/\/asemanlapset.fi\/sv\/dataskydd\/dataskyddsbeskrivning-kund-samarbetsregister\/\",\"name\":\"Dataskyddsbeskrivning f\u00f6r kund- och samarbetsregister - Aseman Lapset ry\",\"isPartOf\":{\"@id\":\"https:\/\/asemanlapset.fi\/#website\"},\"primaryImageOfPage\":{\"@id\":\"https:\/\/asemanlapset.fi\/sv\/dataskydd\/dataskyddsbeskrivning-kund-samarbetsregister\/#primaryimage\"},\"image\":{\"@id\":\"https:\/\/asemanlapset.fi\/sv\/dataskydd\/dataskyddsbeskrivning-kund-samarbetsregister\/#primaryimage\"},\"thumbnailUrl\":\"https:\/\/asemanlapset.fi\/wp-content\/uploads\/2025\/10\/A_IMG-76.jpg\",\"datePublished\":\"2025-11-21T22:19:30+00:00\",\"dateModified\":\"2026-02-03T14:05:19+00:00\",\"description\":\"I dataskyddsbeskrivningen f\u00f6r kund- och samarbetsregister beskrivs integritetsskyddet och dataskyddet f\u00f6r de unga vi m\u00f6ter i v\u00e5rt arbete samt f\u00f6r v\u00e5ra samarbetspartner.\",\"breadcrumb\":{\"@id\":\"https:\/\/asemanlapset.fi\/sv\/dataskydd\/dataskyddsbeskrivning-kund-samarbetsregister\/#breadcrumb\"},\"inLanguage\":\"sv-SE\",\"potentialAction\":[{\"@type\":\"ReadAction\",\"target\":[\"https:\/\/asemanlapset.fi\/sv\/dataskydd\/dataskyddsbeskrivning-kund-samarbetsregister\/\"]}]},{\"@type\":\"ImageObject\",\"inLanguage\":\"sv-SE\",\"@id\":\"https:\/\/asemanlapset.fi\/sv\/dataskydd\/dataskyddsbeskrivning-kund-samarbetsregister\/#primaryimage\",\"url\":\"https:\/\/asemanlapset.fi\/wp-content\/uploads\/2025\/10\/A_IMG-76.jpg\",\"contentUrl\":\"https:\/\/asemanlapset.fi\/wp-content\/uploads\/2025\/10\/A_IMG-76.jpg\",\"width\":3413,\"height\":2275,\"caption\":\"Nuori seisoo metroasemalla selaten puhelinta, kuvattuna sivusta.\"},{\"@type\":\"BreadcrumbList\",\"@id\":\"https:\/\/asemanlapset.fi\/sv\/dataskydd\/dataskyddsbeskrivning-kund-samarbetsregister\/#breadcrumb\",\"itemListElement\":[{\"@type\":\"ListItem\",\"position\":1,\"name\":\"Etusivu\",\"item\":\"https:\/\/asemanlapset.fi\/sv\/\"},{\"@type\":\"ListItem\",\"position\":2,\"name\":\"Dataskydd\",\"item\":\"https:\/\/asemanlapset.fi\/sv\/dataskydd\/\"},{\"@type\":\"ListItem\",\"position\":3,\"name\":\"Dataskyddsbeskrivning f\u00f6r kund- och samarbetsregister\"}]},{\"@type\":\"WebSite\",\"@id\":\"https:\/\/asemanlapset.fi\/#website\",\"url\":\"https:\/\/asemanlapset.fi\/\",\"name\":\"Aseman Lapset ry\",\"description\":\"\",\"publisher\":{\"@id\":\"https:\/\/asemanlapset.fi\/#organization\"},\"potentialAction\":[{\"@type\":\"SearchAction\",\"target\":{\"@type\":\"EntryPoint\",\"urlTemplate\":\"https:\/\/asemanlapset.fi\/?s={search_term_string}\"},\"query-input\":{\"@type\":\"PropertyValueSpecification\",\"valueRequired\":true,\"valueName\":\"search_term_string\"}}],\"inLanguage\":\"sv-SE\"},{\"@type\":\"Organization\",\"@id\":\"https:\/\/asemanlapset.fi\/#organization\",\"name\":\"Aseman Lapset ry\",\"url\":\"https:\/\/asemanlapset.fi\/\",\"logo\":{\"@type\":\"ImageObject\",\"inLanguage\":\"sv-SE\",\"@id\":\"https:\/\/asemanlapset.fi\/#\/schema\/logo\/image\/\",\"url\":\"https:\/\/asemanlapset.fi\/wp-content\/uploads\/2022\/11\/Aseman-lapset-musta.svg\",\"contentUrl\":\"https:\/\/asemanlapset.fi\/wp-content\/uploads\/2022\/11\/Aseman-lapset-musta.svg\",\"width\":1,\"height\":1,\"caption\":\"Aseman Lapset ry\"},\"image\":{\"@id\":\"https:\/\/asemanlapset.fi\/#\/schema\/logo\/image\/\"},\"sameAs\":[\"https:\/\/www.facebook.com\/asemanlapset\/\",\"https:\/\/x.com\/AsemanLapsetRy\"]}]}<\/script>\n<!-- \/ Yoast SEO plugin. -->","yoast_head_json":{"title":"Dataskyddsbeskrivning f\u00f6r kund- och samarbetsregister - Aseman Lapset ry","description":"I dataskyddsbeskrivningen f\u00f6r kund- och samarbetsregister beskrivs integritetsskyddet och dataskyddet f\u00f6r de unga vi m\u00f6ter i v\u00e5rt arbete samt f\u00f6r v\u00e5ra samarbetspartner.","robots":{"index":"index","follow":"follow","max-snippet":"max-snippet:-1","max-image-preview":"max-image-preview:large","max-video-preview":"max-video-preview:-1"},"canonical":"https:\/\/asemanlapset.fi\/sv\/dataskydd\/dataskyddsbeskrivning-kund-samarbetsregister\/","og_locale":"sv_SE","og_type":"article","og_title":"Dataskyddsbeskrivning f\u00f6r kund- och samarbetsregister - Aseman Lapset ry","og_description":"I dataskyddsbeskrivningen f\u00f6r kund- och samarbetsregister beskrivs integritetsskyddet och dataskyddet f\u00f6r de unga vi m\u00f6ter i v\u00e5rt arbete samt f\u00f6r v\u00e5ra samarbetspartner.","og_url":"https:\/\/asemanlapset.fi\/sv\/dataskydd\/dataskyddsbeskrivning-kund-samarbetsregister\/","og_site_name":"Aseman Lapset ry","article_publisher":"https:\/\/www.facebook.com\/asemanlapset\/","article_modified_time":"2026-02-03T14:05:19+00:00","og_image":[{"width":1024,"height":683,"url":"https:\/\/asemanlapset.fi\/wp-content\/uploads\/2025\/10\/A_IMG-76-1024x683.jpg","type":"image\/jpeg"}],"twitter_card":"summary_large_image","twitter_site":"@AsemanLapsetRy","schema":{"@context":"https:\/\/schema.org","@graph":[{"@type":"WebPage","@id":"https:\/\/asemanlapset.fi\/sv\/dataskydd\/dataskyddsbeskrivning-kund-samarbetsregister\/","url":"https:\/\/asemanlapset.fi\/sv\/dataskydd\/dataskyddsbeskrivning-kund-samarbetsregister\/","name":"Dataskyddsbeskrivning f\u00f6r kund- och samarbetsregister - Aseman Lapset ry","isPartOf":{"@id":"https:\/\/asemanlapset.fi\/#website"},"primaryImageOfPage":{"@id":"https:\/\/asemanlapset.fi\/sv\/dataskydd\/dataskyddsbeskrivning-kund-samarbetsregister\/#primaryimage"},"image":{"@id":"https:\/\/asemanlapset.fi\/sv\/dataskydd\/dataskyddsbeskrivning-kund-samarbetsregister\/#primaryimage"},"thumbnailUrl":"https:\/\/asemanlapset.fi\/wp-content\/uploads\/2025\/10\/A_IMG-76.jpg","datePublished":"2025-11-21T22:19:30+00:00","dateModified":"2026-02-03T14:05:19+00:00","description":"I dataskyddsbeskrivningen f\u00f6r kund- och samarbetsregister beskrivs integritetsskyddet och dataskyddet f\u00f6r de unga vi m\u00f6ter i v\u00e5rt arbete samt f\u00f6r v\u00e5ra samarbetspartner.","breadcrumb":{"@id":"https:\/\/asemanlapset.fi\/sv\/dataskydd\/dataskyddsbeskrivning-kund-samarbetsregister\/#breadcrumb"},"inLanguage":"sv-SE","potentialAction":[{"@type":"ReadAction","target":["https:\/\/asemanlapset.fi\/sv\/dataskydd\/dataskyddsbeskrivning-kund-samarbetsregister\/"]}]},{"@type":"ImageObject","inLanguage":"sv-SE","@id":"https:\/\/asemanlapset.fi\/sv\/dataskydd\/dataskyddsbeskrivning-kund-samarbetsregister\/#primaryimage","url":"https:\/\/asemanlapset.fi\/wp-content\/uploads\/2025\/10\/A_IMG-76.jpg","contentUrl":"https:\/\/asemanlapset.fi\/wp-content\/uploads\/2025\/10\/A_IMG-76.jpg","width":3413,"height":2275,"caption":"Nuori seisoo metroasemalla selaten puhelinta, kuvattuna sivusta."},{"@type":"BreadcrumbList","@id":"https:\/\/asemanlapset.fi\/sv\/dataskydd\/dataskyddsbeskrivning-kund-samarbetsregister\/#breadcrumb","itemListElement":[{"@type":"ListItem","position":1,"name":"Etusivu","item":"https:\/\/asemanlapset.fi\/sv\/"},{"@type":"ListItem","position":2,"name":"Dataskydd","item":"https:\/\/asemanlapset.fi\/sv\/dataskydd\/"},{"@type":"ListItem","position":3,"name":"Dataskyddsbeskrivning f\u00f6r kund- och samarbetsregister"}]},{"@type":"WebSite","@id":"https:\/\/asemanlapset.fi\/#website","url":"https:\/\/asemanlapset.fi\/","name":"Aseman Lapset ry","description":"","publisher":{"@id":"https:\/\/asemanlapset.fi\/#organization"},"potentialAction":[{"@type":"SearchAction","target":{"@type":"EntryPoint","urlTemplate":"https:\/\/asemanlapset.fi\/?s={search_term_string}"},"query-input":{"@type":"PropertyValueSpecification","valueRequired":true,"valueName":"search_term_string"}}],"inLanguage":"sv-SE"},{"@type":"Organization","@id":"https:\/\/asemanlapset.fi\/#organization","name":"Aseman Lapset ry","url":"https:\/\/asemanlapset.fi\/","logo":{"@type":"ImageObject","inLanguage":"sv-SE","@id":"https:\/\/asemanlapset.fi\/#\/schema\/logo\/image\/","url":"https:\/\/asemanlapset.fi\/wp-content\/uploads\/2022\/11\/Aseman-lapset-musta.svg","contentUrl":"https:\/\/asemanlapset.fi\/wp-content\/uploads\/2022\/11\/Aseman-lapset-musta.svg","width":1,"height":1,"caption":"Aseman Lapset ry"},"image":{"@id":"https:\/\/asemanlapset.fi\/#\/schema\/logo\/image\/"},"sameAs":["https:\/\/www.facebook.com\/asemanlapset\/","https:\/\/x.com\/AsemanLapsetRy"]}]}},"_links":{"self":[{"href":"https:\/\/asemanlapset.fi\/sv\/wp-json\/wp\/v2\/pages\/22912","targetHints":{"allow":["GET"]}}],"collection":[{"href":"https:\/\/asemanlapset.fi\/sv\/wp-json\/wp\/v2\/pages"}],"about":[{"href":"https:\/\/asemanlapset.fi\/sv\/wp-json\/wp\/v2\/types\/page"}],"author":[{"embeddable":true,"href":"https:\/\/asemanlapset.fi\/sv\/wp-json\/wp\/v2\/users\/14"}],"replies":[{"embeddable":true,"href":"https:\/\/asemanlapset.fi\/sv\/wp-json\/wp\/v2\/comments?post=22912"}],"version-history":[{"count":7,"href":"https:\/\/asemanlapset.fi\/sv\/wp-json\/wp\/v2\/pages\/22912\/revisions"}],"predecessor-version":[{"id":22928,"href":"https:\/\/asemanlapset.fi\/sv\/wp-json\/wp\/v2\/pages\/22912\/revisions\/22928"}],"up":[{"embeddable":true,"href":"https:\/\/asemanlapset.fi\/sv\/wp-json\/wp\/v2\/pages\/22919"}],"wp:featuredmedia":[{"embeddable":true,"href":"https:\/\/asemanlapset.fi\/sv\/wp-json\/wp\/v2\/media\/22228"}],"wp:attachment":[{"href":"https:\/\/asemanlapset.fi\/sv\/wp-json\/wp\/v2\/media?parent=22912"}],"curies":[{"name":"wp","href":"https:\/\/api.w.org\/{rel}","templated":true}]}}