{"id":21342,"date":"2021-01-19T16:58:45","date_gmt":"2021-01-19T14:58:45","guid":{"rendered":"https:\/\/asemanlapset.fi\/lahjoita\/"},"modified":"2026-05-06T07:44:17","modified_gmt":"2026-05-06T04:44:17","slug":"lahjoita","status":"publish","type":"page","link":"https:\/\/asemanlapset.fi\/sv\/lahjoita\/","title":{"rendered":"Donera"},"content":{"rendered":"","protected":false},"excerpt":{"rendered":"","protected":false},"author":1,"featured_media":23765,"parent":0,"menu_order":0,"comment_status":"closed","ping_status":"closed","template":"","meta":{"_acf_changed":false,"protect_children":false,"iawp_total_views":4,"footnotes":""},"class_list":["post-21342","page","type-page","status-publish","has-post-thumbnail","hentry"],"acf":[],"yoast_head":"\nDonera - Aseman Lapset ry<\/title>\n<meta name=\"description\" content=\"V\u00e5rt arbete f\u00f6r barns, ungas och deras familjers v\u00e4lm\u00e5ende \u00e4r m\u00f6jligt tack vare alla de m\u00e4nniskor och organisationer som st\u00f6der oss.\u00a0\" \/>\n<meta name=\"robots\" content=\"index, follow, max-snippet:-1, max-image-preview:large, max-video-preview:-1\" \/>\n<link rel=\"canonical\" href=\"https:\/\/asemanlapset.fi\/sv\/lahjoita\/\" \/>\n<meta property=\"og:locale\" content=\"sv_SE\" \/>\n<meta property=\"og:type\" content=\"article\" \/>\n<meta property=\"og:title\" content=\"Tue ty\u00f6t\u00e4mme lasten, nuorten ja perheiden parissa\" \/>\n<meta property=\"og:description\" content=\"Lasten, nuorten ja heid\u00e4n perheidens\u00e4 hyvinvoinnin eteen tekem\u00e4mme ty\u00f6 on mahdollista vain meit\u00e4 tukevien ihmisten ja tahojen ansiosta.\" \/>\n<meta property=\"og:url\" content=\"https:\/\/asemanlapset.fi\/sv\/lahjoita\/\" \/>\n<meta property=\"og:site_name\" content=\"Aseman Lapset ry\" \/>\n<meta property=\"article:publisher\" content=\"https:\/\/www.facebook.com\/asemanlapset\/\" \/>\n<meta property=\"article:modified_time\" content=\"2026-05-06T04:44:17+00:00\" \/>\n<meta property=\"og:image\" content=\"https:\/\/asemanlapset.fi\/wp-content\/uploads\/2025\/05\/Kuvia-nettisivuille-43.jpg\" \/>\n\t<meta property=\"og:image:width\" content=\"1024\" \/>\n\t<meta property=\"og:image:height\" content=\"768\" \/>\n\t<meta property=\"og:image:type\" content=\"image\/jpeg\" \/>\n<meta name=\"twitter:card\" content=\"summary_large_image\" \/>\n<meta name=\"twitter:title\" content=\"Lahjoita\" \/>\n<meta name=\"twitter:image\" content=\"https:\/\/asemanlapset.fi\/wp-content\/uploads\/2025\/05\/Kuvia-nettisivuille-43.jpg\" \/>\n<meta name=\"twitter:site\" content=\"@AsemanLapsetRy\" \/>\n<script type=\"application\/ld+json\" class=\"yoast-schema-graph\">{\"@context\":\"https:\\\/\\\/schema.org\",\"@graph\":[{\"@type\":\"WebPage\",\"@id\":\"https:\\\/\\\/asemanlapset.fi\\\/sv\\\/lahjoita\\\/\",\"url\":\"https:\\\/\\\/asemanlapset.fi\\\/sv\\\/lahjoita\\\/\",\"name\":\"Donera - Aseman Lapset ry\",\"isPartOf\":{\"@id\":\"https:\\\/\\\/asemanlapset.fi\\\/#website\"},\"primaryImageOfPage\":{\"@id\":\"https:\\\/\\\/asemanlapset.fi\\\/sv\\\/lahjoita\\\/#primaryimage\"},\"image\":{\"@id\":\"https:\\\/\\\/asemanlapset.fi\\\/sv\\\/lahjoita\\\/#primaryimage\"},\"thumbnailUrl\":\"https:\\\/\\\/asemanlapset.fi\\\/wp-content\\\/uploads\\\/2026\\\/05\\\/IMG_5625.jpeg\",\"datePublished\":\"2021-01-19T14:58:45+00:00\",\"dateModified\":\"2026-05-06T04:44:17+00:00\",\"description\":\"V\u00e5rt arbete f\u00f6r barns, ungas och deras familjers v\u00e4lm\u00e5ende \u00e4r m\u00f6jligt tack vare alla de m\u00e4nniskor och organisationer som st\u00f6der oss.\u00a0\",\"breadcrumb\":{\"@id\":\"https:\\\/\\\/asemanlapset.fi\\\/sv\\\/lahjoita\\\/#breadcrumb\"},\"inLanguage\":\"sv-SE\",\"potentialAction\":[{\"@type\":\"ReadAction\",\"target\":[\"https:\\\/\\\/asemanlapset.fi\\\/sv\\\/lahjoita\\\/\"]}]},{\"@type\":\"ImageObject\",\"inLanguage\":\"sv-SE\",\"@id\":\"https:\\\/\\\/asemanlapset.fi\\\/sv\\\/lahjoita\\\/#primaryimage\",\"url\":\"https:\\\/\\\/asemanlapset.fi\\\/wp-content\\\/uploads\\\/2026\\\/05\\\/IMG_5625.jpeg\",\"contentUrl\":\"https:\\\/\\\/asemanlapset.fi\\\/wp-content\\\/uploads\\\/2026\\\/05\\\/IMG_5625.jpeg\",\"width\":3024,\"height\":4032,\"caption\":\"Ty\u00f6ntekij\u00e4 nuoren kanssa torin penkill\u00e4, p\u00e4\u00e4t nojaavat yhteen.\"},{\"@type\":\"BreadcrumbList\",\"@id\":\"https:\\\/\\\/asemanlapset.fi\\\/sv\\\/lahjoita\\\/#breadcrumb\",\"itemListElement\":[{\"@type\":\"ListItem\",\"position\":1,\"name\":\"Etusivu\",\"item\":\"https:\\\/\\\/asemanlapset.fi\\\/sv\\\/\"},{\"@type\":\"ListItem\",\"position\":2,\"name\":\"Donera\"}]},{\"@type\":\"WebSite\",\"@id\":\"https:\\\/\\\/asemanlapset.fi\\\/#website\",\"url\":\"https:\\\/\\\/asemanlapset.fi\\\/\",\"name\":\"Aseman Lapset ry\",\"description\":\"\",\"publisher\":{\"@id\":\"https:\\\/\\\/asemanlapset.fi\\\/#organization\"},\"potentialAction\":[{\"@type\":\"SearchAction\",\"target\":{\"@type\":\"EntryPoint\",\"urlTemplate\":\"https:\\\/\\\/asemanlapset.fi\\\/?s={search_term_string}\"},\"query-input\":{\"@type\":\"PropertyValueSpecification\",\"valueRequired\":true,\"valueName\":\"search_term_string\"}}],\"inLanguage\":\"sv-SE\"},{\"@type\":\"Organization\",\"@id\":\"https:\\\/\\\/asemanlapset.fi\\\/#organization\",\"name\":\"Aseman Lapset ry\",\"url\":\"https:\\\/\\\/asemanlapset.fi\\\/\",\"logo\":{\"@type\":\"ImageObject\",\"inLanguage\":\"sv-SE\",\"@id\":\"https:\\\/\\\/asemanlapset.fi\\\/#\\\/schema\\\/logo\\\/image\\\/\",\"url\":\"https:\\\/\\\/asemanlapset.fi\\\/wp-content\\\/uploads\\\/2022\\\/11\\\/Aseman-lapset-musta.svg\",\"contentUrl\":\"https:\\\/\\\/asemanlapset.fi\\\/wp-content\\\/uploads\\\/2022\\\/11\\\/Aseman-lapset-musta.svg\",\"width\":1,\"height\":1,\"caption\":\"Aseman Lapset ry\"},\"image\":{\"@id\":\"https:\\\/\\\/asemanlapset.fi\\\/#\\\/schema\\\/logo\\\/image\\\/\"},\"sameAs\":[\"https:\\\/\\\/www.facebook.com\\\/asemanlapset\\\/\",\"https:\\\/\\\/x.com\\\/AsemanLapsetRy\"]}]}<\/script>\n<!-- \/ Yoast SEO plugin. -->","yoast_head_json":{"title":"Donera - Aseman Lapset ry","description":"V\u00e5rt arbete f\u00f6r barns, ungas och deras familjers v\u00e4lm\u00e5ende \u00e4r m\u00f6jligt tack vare alla de m\u00e4nniskor och organisationer som st\u00f6der oss.\u00a0","robots":{"index":"index","follow":"follow","max-snippet":"max-snippet:-1","max-image-preview":"max-image-preview:large","max-video-preview":"max-video-preview:-1"},"canonical":"https:\/\/asemanlapset.fi\/sv\/lahjoita\/","og_locale":"sv_SE","og_type":"article","og_title":"Tue ty\u00f6t\u00e4mme lasten, nuorten ja perheiden parissa","og_description":"Lasten, nuorten ja heid\u00e4n perheidens\u00e4 hyvinvoinnin eteen tekem\u00e4mme ty\u00f6 on mahdollista vain meit\u00e4 tukevien ihmisten ja tahojen ansiosta.","og_url":"https:\/\/asemanlapset.fi\/sv\/lahjoita\/","og_site_name":"Aseman Lapset ry","article_publisher":"https:\/\/www.facebook.com\/asemanlapset\/","article_modified_time":"2026-05-06T04:44:17+00:00","og_image":[{"width":1024,"height":768,"url":"https:\/\/asemanlapset.fi\/wp-content\/uploads\/2025\/05\/Kuvia-nettisivuille-43.jpg","type":"image\/jpeg"}],"twitter_card":"summary_large_image","twitter_title":"Lahjoita","twitter_image":"https:\/\/asemanlapset.fi\/wp-content\/uploads\/2025\/05\/Kuvia-nettisivuille-43.jpg","twitter_site":"@AsemanLapsetRy","schema":{"@context":"https:\/\/schema.org","@graph":[{"@type":"WebPage","@id":"https:\/\/asemanlapset.fi\/sv\/lahjoita\/","url":"https:\/\/asemanlapset.fi\/sv\/lahjoita\/","name":"Donera - Aseman Lapset ry","isPartOf":{"@id":"https:\/\/asemanlapset.fi\/#website"},"primaryImageOfPage":{"@id":"https:\/\/asemanlapset.fi\/sv\/lahjoita\/#primaryimage"},"image":{"@id":"https:\/\/asemanlapset.fi\/sv\/lahjoita\/#primaryimage"},"thumbnailUrl":"https:\/\/asemanlapset.fi\/wp-content\/uploads\/2026\/05\/IMG_5625.jpeg","datePublished":"2021-01-19T14:58:45+00:00","dateModified":"2026-05-06T04:44:17+00:00","description":"V\u00e5rt arbete f\u00f6r barns, ungas och deras familjers v\u00e4lm\u00e5ende \u00e4r m\u00f6jligt tack vare alla de m\u00e4nniskor och organisationer som st\u00f6der oss.\u00a0","breadcrumb":{"@id":"https:\/\/asemanlapset.fi\/sv\/lahjoita\/#breadcrumb"},"inLanguage":"sv-SE","potentialAction":[{"@type":"ReadAction","target":["https:\/\/asemanlapset.fi\/sv\/lahjoita\/"]}]},{"@type":"ImageObject","inLanguage":"sv-SE","@id":"https:\/\/asemanlapset.fi\/sv\/lahjoita\/#primaryimage","url":"https:\/\/asemanlapset.fi\/wp-content\/uploads\/2026\/05\/IMG_5625.jpeg","contentUrl":"https:\/\/asemanlapset.fi\/wp-content\/uploads\/2026\/05\/IMG_5625.jpeg","width":3024,"height":4032,"caption":"Ty\u00f6ntekij\u00e4 nuoren kanssa torin penkill\u00e4, p\u00e4\u00e4t nojaavat yhteen."},{"@type":"BreadcrumbList","@id":"https:\/\/asemanlapset.fi\/sv\/lahjoita\/#breadcrumb","itemListElement":[{"@type":"ListItem","position":1,"name":"Etusivu","item":"https:\/\/asemanlapset.fi\/sv\/"},{"@type":"ListItem","position":2,"name":"Donera"}]},{"@type":"WebSite","@id":"https:\/\/asemanlapset.fi\/#website","url":"https:\/\/asemanlapset.fi\/","name":"Aseman Lapset ry","description":"","publisher":{"@id":"https:\/\/asemanlapset.fi\/#organization"},"potentialAction":[{"@type":"SearchAction","target":{"@type":"EntryPoint","urlTemplate":"https:\/\/asemanlapset.fi\/?s={search_term_string}"},"query-input":{"@type":"PropertyValueSpecification","valueRequired":true,"valueName":"search_term_string"}}],"inLanguage":"sv-SE"},{"@type":"Organization","@id":"https:\/\/asemanlapset.fi\/#organization","name":"Aseman Lapset ry","url":"https:\/\/asemanlapset.fi\/","logo":{"@type":"ImageObject","inLanguage":"sv-SE","@id":"https:\/\/asemanlapset.fi\/#\/schema\/logo\/image\/","url":"https:\/\/asemanlapset.fi\/wp-content\/uploads\/2022\/11\/Aseman-lapset-musta.svg","contentUrl":"https:\/\/asemanlapset.fi\/wp-content\/uploads\/2022\/11\/Aseman-lapset-musta.svg","width":1,"height":1,"caption":"Aseman Lapset ry"},"image":{"@id":"https:\/\/asemanlapset.fi\/#\/schema\/logo\/image\/"},"sameAs":["https:\/\/www.facebook.com\/asemanlapset\/","https:\/\/x.com\/AsemanLapsetRy"]}]}},"_links":{"self":[{"href":"https:\/\/asemanlapset.fi\/sv\/wp-json\/wp\/v2\/pages\/21342","targetHints":{"allow":["GET"]}}],"collection":[{"href":"https:\/\/asemanlapset.fi\/sv\/wp-json\/wp\/v2\/pages"}],"about":[{"href":"https:\/\/asemanlapset.fi\/sv\/wp-json\/wp\/v2\/types\/page"}],"author":[{"embeddable":true,"href":"https:\/\/asemanlapset.fi\/sv\/wp-json\/wp\/v2\/users\/1"}],"replies":[{"embeddable":true,"href":"https:\/\/asemanlapset.fi\/sv\/wp-json\/wp\/v2\/comments?post=21342"}],"version-history":[{"count":4,"href":"https:\/\/asemanlapset.fi\/sv\/wp-json\/wp\/v2\/pages\/21342\/revisions"}],"predecessor-version":[{"id":23917,"href":"https:\/\/asemanlapset.fi\/sv\/wp-json\/wp\/v2\/pages\/21342\/revisions\/23917"}],"wp:featuredmedia":[{"embeddable":true,"href":"https:\/\/asemanlapset.fi\/sv\/wp-json\/wp\/v2\/media\/23765"}],"wp:attachment":[{"href":"https:\/\/asemanlapset.fi\/sv\/wp-json\/wp\/v2\/media?parent=21342"}],"curies":[{"name":"wp","href":"https:\/\/api.w.org\/{rel}","templated":true}]}}